{"id":464,"date":"2022-07-13T13:07:24","date_gmt":"2022-07-13T11:07:24","guid":{"rendered":"http:\/\/www.agence-vbo.com\/?page_id=464"},"modified":"2022-07-13T15:12:01","modified_gmt":"2022-07-13T13:12:01","slug":"mentions-legales","status":"publish","type":"page","link":"https:\/\/www.agence-vbo.com\/index.php\/mentions-legales\/","title":{"rendered":"Mentions l\u00e9gales"},"content":{"rendered":"\n<p>Copyright 2009 &#8211; 2022, <strong>Agence VBO<\/strong><\/p>\n\n\n\n<p>Agence VBO Media department of Av\u00e9yo<br>SARL \u00e0 capital variable<br>RCS Douai 513 000 893<br>SIRET 513 000 893 00018<br>APE 7022<\/p>\n\n\n\n<p><strong>DUNS 260959422<\/strong><\/p>\n\n\n\n<p>Agence VBO &#8211; agenceVBO@aveyo.fr &#8211; Site enregistr\u00e9e \u00e0 la CNIL sous le num\u00e9ro 1438041.<\/p>\n\n\n\n<p>Conform\u00e9ment \u00e0 la loi Informatique et Libert\u00e9 du 6 janvier 1978, vous b\u00e9n\u00e9ficiez d\u2019un droit d\u2019acc\u00e8s et de rectification. \u00c9crire \u00e0 CIL@agence-vbo.com<\/p>\n\n\n\n<p><strong>Site h\u00e9berg\u00e9 par OVH Cloud <\/strong>&#8211; 2 rue Kellermann &#8211; 59100 Roubaix &#8211; France. <br>Services en ligne : paiement s\u00e9curis\u00e9 par carte via la plateforme <a href=\"https:\/\/www.paypal.com\/fr\/webapps\/mpp\/about\">Paypal<\/a><\/p>\n\n\n\n<p><\/p>\n\n\n\n<p>.<br><strong>Informations \u00e9diteur<\/strong><br>Les informations donn\u00e9es sur ce site sont non contractuelles et n\u2019engagent pas l&rsquo;agence VBO. Le site www.agence-vbo.com a \u00e9t\u00e9 con\u00e7u et r\u00e9alis\u00e9 par les \u00e9quipes de l&rsquo;agence. Le directeur de publication est le g\u00e9rant d\u2019Av\u00e9yo SARL.<\/p>\n\n\n\n<p><strong>Propri\u00e9t\u00e9 intellectuelle<\/strong><br>Le pr\u00e9sent site constitue une \u0153uvre dont l\u2019agence est l\u2019auteur au sens des articles L.111.1 et suivants du Code de la propri\u00e9t\u00e9 intellectuelle. Les photographies, textes, slogans, dessins, images, s\u00e9quences anim\u00e9es sonores ou non ainsi que toutes \u0153uvres int\u00e9gr\u00e9s dans le site sont la propri\u00e9t\u00e9 de l&rsquo;agence ou de tiers ayant autoris\u00e9 l&rsquo;agence \u00e0 les utiliser.<br>Les reproductions, sur un support papier ou informatique, dudit site et des oeuvres qui y sont reproduits sont autoris\u00e9es sous r\u00e9serve qu\u2019elles soient strictement r\u00e9serv\u00e9es \u00e0 un usage personnel excluant tout usage \u00e0 des fins publicitaires et\/ou commerciales et\/ou d\u2019information et\/ou qu\u2019elles soient conformes aux dispositions de l\u2019article L122-5 du Code de la Propri\u00e9t\u00e9 Intellectuelle.<br>A l\u2019exception des dispositions ci-dessus, toute reproduction, repr\u00e9sentation, utilisation ou modification, par quelque proc\u00e9d\u00e9 que ce soit et sur quelque support que ce soit, de tout ou partie du site, de tout ou partie des diff\u00e9rentes \u0153uvres qui le composent, sans avoir obtenu l\u2019autorisation pr\u00e9alable de l&rsquo;Agence, est strictement interdite et constitue un d\u00e9lit de contrefa\u00e7on.<\/p>\n\n\n\n<p><br><strong>Caract\u00e8re des informations contenues dans le site<\/strong><br>Les informations pr\u00e9sentes sur ce site web n\u2019ont qu\u2019un caract\u00e8re indicatif et ni leur contenu ni leur exactitude ne peuvent \u00eatre garantis. Ces informations n\u2019engagent pas contractuellement l&rsquo;agence.<br>L&rsquo;agence d\u00e9cline toute responsabilit\u00e9 sur les d\u00e9cisions qui pourraient \u00eatre prises \u00e0 partir de ces informations. Le contenu du site est susceptible de modification sans pr\u00e9avis.<br>Aucune information de type bancaire ne nous est transmise par la plateforme de paiement en ligne PAYPAL. PAYPAL assure, en toute s\u00e9curit\u00e9 et en conformit\u00e9 avec la l\u00e9gislation, la gestion de la transaction et nous informe simplement que le paiement est effectif.<\/p>\n\n\n\n<p><br><strong>Donn\u00e9es personnelles<\/strong><br>Les informations qui vous concernent sont destin\u00e9es \u00e0 l&rsquo;agence. Nous pouvons \u00eatre amen\u00e9s \u00e0 les transmettre \u00e0 des tiers. Vous disposez d\u2019un droit d\u2019acc\u00e8s, de modification, de rectification et de suppression des donn\u00e9es qui vous concernent (art. 34 de la loi \u201cInformatique et Libert\u00e9s\u201d du 6 juillet 78). Pour l\u2019exercer, adressez-vous \u00e0 : CIL@aveyo.fr<\/p>\n\n\n\n<p><strong>Gestion des appels t\u00e9l\u00e9phoniques<\/strong><br>Les \u00e9changes t\u00e9l\u00e9phoniques avec les collaborateurs de l&rsquo;agence peuvent faire l\u2019objet d\u2019enregistrement, en vue d\u2019analyses pour l\u2019am\u00e9lioration de la relation client. Vous pouvez refuser ces enregistrements en l\u2019indiquant \u00e0 tout moment \u00e0 l\u2019un de nos collaborateurs. Vous pouvez exercer un droit de suite par mail : CIL@aveyo.fr<\/p>\n\n\n\n<p><strong>Dysfonctionnement et virus<\/strong><br>L&rsquo;agence ne pourra \u00eatre tenue responsable de dommages directs ou indirects, pertes ou frais, r\u00e9sultant de l\u2019utilisation de ce site web, ou de l\u2019impossibilit\u00e9 pour un tiers de l\u2019utiliser, ou d\u2019un mauvais fonctionnement, d\u2019une interruption, d\u2019un virus, ou encore d\u2019un probl\u00e8me de ligne ou de syst\u00e8me.<\/p>\n\n\n\n<p><\/p>\n\n\n\n<p><strong>Sites li\u00e9s<\/strong><br>L&rsquo;agence d\u00e9cline toute responsabilit\u00e9 concernant le contenu disponible sur les autres sites Internet vers lesquels il a cr\u00e9\u00e9 des liens ou qui auraient pu \u00eatre cr\u00e9\u00e9s \u00e0 son insu. L\u2019acc\u00e8s \u00e0 tous les autres sites Internet li\u00e9s \u00e0 ce site web se fait aux risques de l\u2019utilisateur. L&rsquo;agence d\u00e9cline aussi toute responsabilit\u00e9 pour toutes les informations et mat\u00e9riaux contenus sur des sites tiers o\u00f9 figurent des liens renvoyant au site web www.agence-vbo.com<\/p>\n\n\n\n<p><strong>Propri\u00e9t\u00e9 des marques<\/strong><br>Toutes les marques cit\u00e9es ou utilis\u00e9es sur www.agence-vbo.com sont la propri\u00e9t\u00e9 de leurs d\u00e9posants respectifs.<\/p>\n\n\n\n<p><\/p>\n\n\n\n<p><strong>Cr\u00e9dits photos<\/strong><\/p>\n\n\n\n<p>Philipimage, Sergign, VitoPoma, Stillfx, Michael, Eevl, Fotorince, De Visu , Aliaksei, PointImages, Sanneberg, Jann van Brugge, Cl\u00e9mence van Brugge, Comtesse de Bouvignies.<\/p>\n","protected":false},"excerpt":{"rendered":"<p>Copyright 2009 &#8211; 2022, Agence VBO Agence VBO Media department of Av\u00e9yoSARL \u00e0 capital variableRCS Douai 513 000 893SIRET 513 000 893 00018APE 7022 DUNS 260959422 Agence VBO &#8211; agenceVBO@aveyo.fr &#8211; Site enregistr\u00e9e \u00e0 la CNIL sous le num\u00e9ro 1438041. Conform\u00e9ment \u00e0 la loi Informatique et Libert\u00e9 du 6 janvier 1978, vous b\u00e9n\u00e9ficiez d\u2019un droit &hellip; <\/p>\n","protected":false},"author":1,"featured_media":0,"parent":0,"menu_order":0,"comment_status":"closed","ping_status":"closed","template":"","meta":[],"_links":{"self":[{"href":"https:\/\/www.agence-vbo.com\/index.php\/wp-json\/wp\/v2\/pages\/464"}],"collection":[{"href":"https:\/\/www.agence-vbo.com\/index.php\/wp-json\/wp\/v2\/pages"}],"about":[{"href":"https:\/\/www.agence-vbo.com\/index.php\/wp-json\/wp\/v2\/types\/page"}],"author":[{"embeddable":true,"href":"https:\/\/www.agence-vbo.com\/index.php\/wp-json\/wp\/v2\/users\/1"}],"replies":[{"embeddable":true,"href":"https:\/\/www.agence-vbo.com\/index.php\/wp-json\/wp\/v2\/comments?post=464"}],"version-history":[{"count":2,"href":"https:\/\/www.agence-vbo.com\/index.php\/wp-json\/wp\/v2\/pages\/464\/revisions"}],"predecessor-version":[{"id":524,"href":"https:\/\/www.agence-vbo.com\/index.php\/wp-json\/wp\/v2\/pages\/464\/revisions\/524"}],"wp:attachment":[{"href":"https:\/\/www.agence-vbo.com\/index.php\/wp-json\/wp\/v2\/media?parent=464"}],"curies":[{"name":"wp","href":"https:\/\/api.w.org\/{rel}","templated":true}]}}