{"id":414,"date":"2021-05-23T11:28:11","date_gmt":"2021-05-23T09:28:11","guid":{"rendered":"http:\/\/www.agence-vbo.com\/?page_id=414"},"modified":"2025-09-27T11:54:13","modified_gmt":"2025-09-27T09:54:13","slug":"contact-us","status":"publish","type":"page","link":"https:\/\/www.agence-vbo.com\/index.php\/contact-us\/","title":{"rendered":"Contact us"},"content":{"rendered":"\n<p>L&rsquo;agence VBO est le d\u00e9partement media d&rsquo;<a href=\"https:\/\/www.aveyo.fr\" data-type=\"URL\" data-id=\"https:\/\/www.aveyo.fr\">Av\u00e9yo consulting <\/a><\/p>\n\n\n\n<p>Nos r\u00e9f\u00e9rences :<\/p>\n\n\n\n<figure class=\"wp-block-image size-large\"><img loading=\"lazy\" width=\"686\" height=\"273\" src=\"https:\/\/www.agence-vbo.com\/wp-content\/uploads\/2021\/05\/cropped-nosrefrence-2.jpg\" alt=\"\" class=\"wp-image-427\" srcset=\"https:\/\/www.agence-vbo.com\/wp-content\/uploads\/2021\/05\/cropped-nosrefrence-2.jpg 686w, https:\/\/www.agence-vbo.com\/wp-content\/uploads\/2021\/05\/cropped-nosrefrence-2-300x119.jpg 300w\" sizes=\"(max-width: 686px) 100vw, 686px\" \/><\/figure>\n\n\n\n<p><\/p>\n\n\n\n<p><strong>Notre si\u00e8ge est situ\u00e9 au sein du centre de recherche de l&rsquo;institut Mines-T\u00e9l\u00e9coms Lille Douai<\/strong><\/p>\n\n\n\n<p>VBO media department of Av\u00e9yo<br>APUI \/ Institut Mines Telecom Lille Douai<br>BD Lahure<br>FR 59500 DOUAI<\/p>\n\n\n\n<figure class=\"wp-block-image\"><img src=\"https:\/\/www.avkee.com\/images\/locauxAveyo1.jpg\" alt=\"\"\/><\/figure>\n\n\n\n<figure class=\"wp-block-image is-resized\"><img loading=\"lazy\" src=\"https:\/\/www.avkee.com\/images\/locauxAveyo2.jpg\" alt=\"\" width=\"417\" height=\"234\"\/><\/figure>\n\n\n\n<p class=\"has-medium-font-size\">Pour nous contacter :  +33 980 920 281<br>Vous pouvez \u00e9galement nous contacter par mail : agencevbo@aveyo.fr<\/p>\n","protected":false},"excerpt":{"rendered":"<p>L&rsquo;agence VBO est le d\u00e9partement media d&rsquo;Av\u00e9yo consulting Nos r\u00e9f\u00e9rences : Notre si\u00e8ge est situ\u00e9 au sein du centre de recherche de l&rsquo;institut Mines-T\u00e9l\u00e9coms Lille Douai VBO media department of Av\u00e9yoAPUI \/ Institut Mines Telecom Lille DouaiBD LahureFR 59500 DOUAI Pour nous contacter : +33 980 920 281Vous pouvez \u00e9galement nous contacter par mail : &hellip; <\/p>\n","protected":false},"author":1,"featured_media":0,"parent":0,"menu_order":0,"comment_status":"closed","ping_status":"closed","template":"","meta":[],"_links":{"self":[{"href":"https:\/\/www.agence-vbo.com\/index.php\/wp-json\/wp\/v2\/pages\/414"}],"collection":[{"href":"https:\/\/www.agence-vbo.com\/index.php\/wp-json\/wp\/v2\/pages"}],"about":[{"href":"https:\/\/www.agence-vbo.com\/index.php\/wp-json\/wp\/v2\/types\/page"}],"author":[{"embeddable":true,"href":"https:\/\/www.agence-vbo.com\/index.php\/wp-json\/wp\/v2\/users\/1"}],"replies":[{"embeddable":true,"href":"https:\/\/www.agence-vbo.com\/index.php\/wp-json\/wp\/v2\/comments?post=414"}],"version-history":[{"count":11,"href":"https:\/\/www.agence-vbo.com\/index.php\/wp-json\/wp\/v2\/pages\/414\/revisions"}],"predecessor-version":[{"id":531,"href":"https:\/\/www.agence-vbo.com\/index.php\/wp-json\/wp\/v2\/pages\/414\/revisions\/531"}],"wp:attachment":[{"href":"https:\/\/www.agence-vbo.com\/index.php\/wp-json\/wp\/v2\/media?parent=414"}],"curies":[{"name":"wp","href":"https:\/\/api.w.org\/{rel}","templated":true}]}}